{"id":113,"date":"2026-04-26T21:45:01","date_gmt":"2026-04-26T21:45:01","guid":{"rendered":"https:\/\/caadi.ca\/?page_id=113"},"modified":"2026-04-27T10:40:20","modified_gmt":"2026-04-27T10:40:20","slug":"nos-valeurs","status":"publish","type":"page","link":"https:\/\/caadi.ca\/en\/nos-valeurs\/","title":{"rendered":"Nos valeurs"},"content":{"rendered":"<div data-elementor-type=\"wp-page\" data-elementor-id=\"113\" class=\"elementor elementor-113\" data-elementor-post-type=\"page\">\n\t\t\t\t<div class=\"elementor-element elementor-element-57f6c2b2 e-flex e-con-boxed e-con e-parent\" data-id=\"57f6c2b2\" data-element_type=\"container\" data-e-type=\"container\" data-settings=\"{&quot;background_background&quot;:&quot;gradient&quot;}\">\n\t\t\t\t\t<div class=\"e-con-inner\">\n\t\t<div class=\"elementor-element elementor-element-60b9da3a e-con-full e-flex e-con e-child\" data-id=\"60b9da3a\" data-element_type=\"container\" data-e-type=\"container\">\n\t\t\t\t<div class=\"elementor-element elementor-element-2ca6dd08 elementor-invisible elementor-widget elementor-widget-heading\" data-id=\"2ca6dd08\" data-element_type=\"widget\" data-e-type=\"widget\" data-settings=\"{&quot;_animation&quot;:&quot;fadeInUp&quot;,&quot;_animation_delay&quot;:200}\" data-widget_type=\"heading.default\">\n\t\t\t\t\t<h1 class=\"elementor-heading-title elementor-size-default\">Nos valeurs<\/h1>\t\t\t\t<\/div>\n\t\t\t\t<div class=\"elementor-element elementor-element-2266e918 elementor-invisible elementor-widget elementor-widget-heading\" data-id=\"2266e918\" data-element_type=\"widget\" data-e-type=\"widget\" data-settings=\"{&quot;_animation&quot;:&quot;fadeInUp&quot;,&quot;_animation_delay&quot;:300}\" data-widget_type=\"heading.default\">\n\t\t\t\t\t<h4 class=\"elementor-heading-title elementor-size-default\">Ces principes fondamentaux animent notre \u00e9quipe au quotidien pour vous offrir les services que vous m\u00e9ritez.\n<\/h4>\t\t\t\t<\/div>\n\t\t\t\t<\/div>\n\t\t\t\t\t<\/div>\n\t\t\t\t<\/div>\n\t\t<div class=\"elementor-element elementor-element-57c14496 e-flex e-con-boxed e-con e-parent\" data-id=\"57c14496\" data-element_type=\"container\" data-e-type=\"container\" data-settings=\"{&quot;background_background&quot;:&quot;classic&quot;}\">\n\t\t\t\t\t<div class=\"e-con-inner\">\n\t\t<div class=\"elementor-element elementor-element-723219aa e-con-full e-flex e-con e-child\" data-id=\"723219aa\" data-element_type=\"container\" data-e-type=\"container\">\n\t\t\t\t<div class=\"elementor-element elementor-element-14afb98b elementor-invisible elementor-widget elementor-widget-heading\" data-id=\"14afb98b\" data-element_type=\"widget\" data-e-type=\"widget\" data-settings=\"{&quot;_animation&quot;:&quot;fadeInUp&quot;,&quot;_animation_delay&quot;:300}\" data-widget_type=\"heading.default\">\n\t\t\t\t\t<h2 class=\"elementor-heading-title elementor-size-default\">Ces valeurs d\u00e9finissent notre identit\u00e9 politique et assurent une gestion municipale coh\u00e9rente, juste et transparente.<\/h2>\t\t\t\t<\/div>\n\t\t\t\t<\/div>\n\t\t<div class=\"elementor-element elementor-element-66b9a32 e-grid e-con-boxed e-con e-child\" data-id=\"66b9a32\" data-element_type=\"container\" data-e-type=\"container\">\n\t\t\t\t\t<div class=\"e-con-inner\">\n\t\t<div class=\"elementor-element elementor-element-6466a15e e-con-full e-flex elementor-invisible e-con e-child\" data-id=\"6466a15e\" data-element_type=\"container\" data-e-type=\"container\" data-settings=\"{&quot;background_background&quot;:&quot;classic&quot;,&quot;animation&quot;:&quot;fadeInLeft&quot;,&quot;animation_delay&quot;:350}\">\n\t\t\t\t<div class=\"elementor-element elementor-element-359d587d elementor-widget elementor-widget-image\" data-id=\"359d587d\" data-element_type=\"widget\" data-e-type=\"widget\" data-widget_type=\"image.default\">\n\t\t\t\t\t\t\t\t\t\t\t\t\t\t\t<img decoding=\"async\" src=\"https:\/\/caadi.ca\/wp-content\/uploads\/elementor\/thumbs\/icon-logo1-rmlqqrin3b29wnclkxviz8r5lx3wlf2fya258r2iw0.png\" title=\"icon-logo1.png\" alt=\"icon-logo1.png\" loading=\"lazy\" \/>\t\t\t\t\t\t\t\t\t\t\t\t\t\t\t<\/div>\n\t\t\t\t<div class=\"elementor-element elementor-element-75fc0a0b elementor-widget elementor-widget-heading\" data-id=\"75fc0a0b\" data-element_type=\"widget\" data-e-type=\"widget\" data-widget_type=\"heading.default\">\n\t\t\t\t\t<h2 class=\"elementor-heading-title elementor-size-default\">Respect<\/h2>\t\t\t\t<\/div>\n\t\t\t\t<div class=\"elementor-element elementor-element-57ee3ff5 elementor-widget elementor-widget-text-editor\" data-id=\"57ee3ff5\" data-element_type=\"widget\" data-e-type=\"widget\" data-widget_type=\"text-editor.default\">\n\t\t\t\t\t\t\t\t\t<p>Nous valorisons les opinions de chacun et leurs d\u00e9cisions. Chaque membre est respect\u00e9 pour ses comp\u00e9tences et nous consid\u00e9rons les diff\u00e9rences comme une force de l\u2019\u00e9quipe.<\/p>\t\t\t\t\t\t\t\t<\/div>\n\t\t\t\t<\/div>\n\t\t<div class=\"elementor-element elementor-element-60103c92 e-con-full e-flex elementor-invisible e-con e-child\" data-id=\"60103c92\" data-element_type=\"container\" data-e-type=\"container\" data-settings=\"{&quot;background_background&quot;:&quot;classic&quot;,&quot;animation&quot;:&quot;fadeInRight&quot;,&quot;animation_delay&quot;:350}\">\n\t\t\t\t<div class=\"elementor-element elementor-element-2a517145 elementor-widget elementor-widget-image\" data-id=\"2a517145\" data-element_type=\"widget\" data-e-type=\"widget\" data-widget_type=\"image.default\">\n\t\t\t\t\t\t\t\t\t\t\t\t\t\t\t<img decoding=\"async\" src=\"https:\/\/caadi.ca\/wp-content\/uploads\/elementor\/thumbs\/icon-logo1-rmlqqrin3b29wnclkxviz8r5lx3wlf2fya258r2iw0.png\" title=\"icon-logo1.png\" alt=\"icon-logo1.png\" loading=\"lazy\" \/>\t\t\t\t\t\t\t\t\t\t\t\t\t\t\t<\/div>\n\t\t\t\t<div class=\"elementor-element elementor-element-3b04f507 elementor-widget elementor-widget-heading\" data-id=\"3b04f507\" data-element_type=\"widget\" data-e-type=\"widget\" data-widget_type=\"heading.default\">\n\t\t\t\t\t<h2 class=\"elementor-heading-title elementor-size-default\">Int\u00e9grit\u00e9<\/h2>\t\t\t\t<\/div>\n\t\t\t\t<div class=\"elementor-element elementor-element-4a2ea7fd elementor-widget elementor-widget-text-editor\" data-id=\"4a2ea7fd\" data-element_type=\"widget\" data-e-type=\"widget\" data-widget_type=\"text-editor.default\">\n\t\t\t\t\t\t\t\t\t<p>Nous agissons toujours de mani\u00e8re honn\u00eate et \u00e9thique, en pla\u00e7ant l\u2019int\u00e9r\u00eat des citoyens au centre de nos actions.<\/p>\t\t\t\t\t\t\t\t<\/div>\n\t\t\t\t<\/div>\n\t\t\t\t\t<\/div>\n\t\t\t\t<\/div>\n\t\t<div class=\"elementor-element elementor-element-15bb6a2a e-grid e-con-full e-con e-child\" data-id=\"15bb6a2a\" data-element_type=\"container\" data-e-type=\"container\">\n\t\t<div class=\"elementor-element elementor-element-14fd4da8 e-con-full e-flex elementor-invisible e-con e-child\" data-id=\"14fd4da8\" data-element_type=\"container\" data-e-type=\"container\" data-settings=\"{&quot;background_background&quot;:&quot;classic&quot;,&quot;animation&quot;:&quot;fadeInLeft&quot;,&quot;animation_delay&quot;:350}\">\n\t\t\t\t<div class=\"elementor-element elementor-element-7d0e59ac elementor-widget elementor-widget-image\" data-id=\"7d0e59ac\" data-element_type=\"widget\" data-e-type=\"widget\" data-widget_type=\"image.default\">\n\t\t\t\t\t\t\t\t\t\t\t\t\t\t\t<img decoding=\"async\" src=\"https:\/\/caadi.ca\/wp-content\/uploads\/elementor\/thumbs\/icon-logo1-rmlqqrin3b29wnclkxviz8r5lx3wlf2fya258r2iw0.png\" title=\"icon-logo1.png\" alt=\"icon-logo1.png\" loading=\"lazy\" \/>\t\t\t\t\t\t\t\t\t\t\t\t\t\t\t<\/div>\n\t\t\t\t<div class=\"elementor-element elementor-element-3a2401d0 elementor-widget elementor-widget-heading\" data-id=\"3a2401d0\" data-element_type=\"widget\" data-e-type=\"widget\" data-widget_type=\"heading.default\">\n\t\t\t\t\t<h2 class=\"elementor-heading-title elementor-size-default\">Coh\u00e9sion <\/h2>\t\t\t\t<\/div>\n\t\t\t\t<div class=\"elementor-element elementor-element-7f6b3e7c elementor-widget elementor-widget-text-editor\" data-id=\"7f6b3e7c\" data-element_type=\"widget\" data-e-type=\"widget\" data-widget_type=\"text-editor.default\">\n\t\t\t\t\t\t\t\t\t<p>\u00a0Notre \u00e9quipe repose sur une confiance mutuelle. Les liens solides entre nos membres favorisent un environnement de travail positif et constructif, propice \u00e0 la r\u00e9ussite collective.<\/p>\t\t\t\t\t\t\t\t<\/div>\n\t\t\t\t<\/div>\n\t\t<div class=\"elementor-element elementor-element-2e974cb2 e-con-full e-flex elementor-invisible e-con e-child\" data-id=\"2e974cb2\" data-element_type=\"container\" data-e-type=\"container\" data-settings=\"{&quot;background_background&quot;:&quot;classic&quot;,&quot;animation&quot;:&quot;fadeInRight&quot;,&quot;animation_delay&quot;:350}\">\n\t\t\t\t<div class=\"elementor-element elementor-element-fddbcb8 elementor-widget elementor-widget-image\" data-id=\"fddbcb8\" data-element_type=\"widget\" data-e-type=\"widget\" data-widget_type=\"image.default\">\n\t\t\t\t\t\t\t\t\t\t\t\t\t\t\t<img decoding=\"async\" src=\"https:\/\/caadi.ca\/wp-content\/uploads\/elementor\/thumbs\/icon-logo1-rmlqqrin3b29wnclkxviz8r5lx3wlf2fya258r2iw0.png\" title=\"icon-logo1.png\" alt=\"icon-logo1.png\" loading=\"lazy\" \/>\t\t\t\t\t\t\t\t\t\t\t\t\t\t\t<\/div>\n\t\t\t\t<div class=\"elementor-element elementor-element-7bdfaa44 elementor-widget elementor-widget-heading\" data-id=\"7bdfaa44\" data-element_type=\"widget\" data-e-type=\"widget\" data-widget_type=\"heading.default\">\n\t\t\t\t\t<h2 class=\"elementor-heading-title elementor-size-default\">Innovation <\/h2>\t\t\t\t<\/div>\n\t\t\t\t<div class=\"elementor-element elementor-element-508f3957 elementor-widget elementor-widget-text-editor\" data-id=\"508f3957\" data-element_type=\"widget\" data-e-type=\"widget\" data-widget_type=\"text-editor.default\">\n\t\t\t\t\t\t\t\t\t<p>\u00a0Nous encourageons la cr\u00e9ativit\u00e9 et l\u2019originalit\u00e9 dans la recherche de solutions pour relever les d\u00e9fis et am\u00e9liorer notre ville. L\u2019innovation est un levier essentiel pour progresser.<\/p>\t\t\t\t\t\t\t\t<\/div>\n\t\t\t\t<\/div>\n\t\t\t\t<\/div>\n\t\t<div class=\"elementor-element elementor-element-10562e16 e-grid e-con-full e-con e-child\" data-id=\"10562e16\" data-element_type=\"container\" data-e-type=\"container\">\n\t\t<div class=\"elementor-element elementor-element-2bb746e5 e-con-full e-flex elementor-invisible e-con e-child\" data-id=\"2bb746e5\" data-element_type=\"container\" data-e-type=\"container\" data-settings=\"{&quot;background_background&quot;:&quot;classic&quot;,&quot;animation&quot;:&quot;fadeInLeft&quot;,&quot;animation_delay&quot;:350}\">\n\t\t\t\t<div class=\"elementor-element elementor-element-4259b054 elementor-widget elementor-widget-image\" data-id=\"4259b054\" data-element_type=\"widget\" data-e-type=\"widget\" data-widget_type=\"image.default\">\n\t\t\t\t\t\t\t\t\t\t\t\t\t\t\t<img decoding=\"async\" src=\"https:\/\/caadi.ca\/wp-content\/uploads\/elementor\/thumbs\/icon-logo1-rmlqqrin3b29wnclkxviz8r5lx3wlf2fya258r2iw0.png\" title=\"icon-logo1.png\" alt=\"icon-logo1.png\" loading=\"lazy\" \/>\t\t\t\t\t\t\t\t\t\t\t\t\t\t\t<\/div>\n\t\t\t\t<div class=\"elementor-element elementor-element-1b05fa70 elementor-widget elementor-widget-heading\" data-id=\"1b05fa70\" data-element_type=\"widget\" data-e-type=\"widget\" data-widget_type=\"heading.default\">\n\t\t\t\t\t<h2 class=\"elementor-heading-title elementor-size-default\">Collaboration <\/h2>\t\t\t\t<\/div>\n\t\t\t\t<div class=\"elementor-element elementor-element-1d0328a6 elementor-widget elementor-widget-text-editor\" data-id=\"1d0328a6\" data-element_type=\"widget\" data-e-type=\"widget\" data-widget_type=\"text-editor.default\">\n\t\t\t\t\t\t\t\t\t<p>\u00a0Travailler ensemble est notre priorit\u00e9. Nous \u0153uvrons non seulement pour atteindre les objectifs de chaque district, mais aussi pour faire avancer notre communaut\u00e9 dans son ensemble.<\/p>\t\t\t\t\t\t\t\t<\/div>\n\t\t\t\t<div class=\"elementor-element elementor-element-2a39373c elementor-widget elementor-widget-spacer\" data-id=\"2a39373c\" data-element_type=\"widget\" data-e-type=\"widget\" data-widget_type=\"spacer.default\">\n\t\t\t\t\t\t\t<div class=\"elementor-spacer\">\n\t\t\t<div class=\"elementor-spacer-inner\"><\/div>\n\t\t<\/div>\n\t\t\t\t\t\t<\/div>\n\t\t\t\t<\/div>\n\t\t<div class=\"elementor-element elementor-element-749c41f7 e-con-full e-flex elementor-invisible e-con e-child\" data-id=\"749c41f7\" data-element_type=\"container\" data-e-type=\"container\" data-settings=\"{&quot;background_background&quot;:&quot;classic&quot;,&quot;animation&quot;:&quot;fadeInRight&quot;,&quot;animation_delay&quot;:350}\">\n\t\t\t\t<div class=\"elementor-element elementor-element-328096e7 elementor-widget elementor-widget-image\" data-id=\"328096e7\" data-element_type=\"widget\" data-e-type=\"widget\" data-widget_type=\"image.default\">\n\t\t\t\t\t\t\t\t\t\t\t\t\t\t\t<img decoding=\"async\" src=\"https:\/\/caadi.ca\/wp-content\/uploads\/elementor\/thumbs\/icon-logo1-rmlqqrin3b29wnclkxviz8r5lx3wlf2fya258r2iw0.png\" title=\"icon-logo1.png\" alt=\"icon-logo1.png\" loading=\"lazy\" \/>\t\t\t\t\t\t\t\t\t\t\t\t\t\t\t<\/div>\n\t\t\t\t<div class=\"elementor-element elementor-element-519f1bf2 elementor-widget elementor-widget-heading\" data-id=\"519f1bf2\" data-element_type=\"widget\" data-e-type=\"widget\" data-widget_type=\"heading.default\">\n\t\t\t\t\t<h2 class=\"elementor-heading-title elementor-size-default\">Autonomie <\/h2>\t\t\t\t<\/div>\n\t\t\t\t<div class=\"elementor-element elementor-element-456aa6bd elementor-widget elementor-widget-text-editor\" data-id=\"456aa6bd\" data-element_type=\"widget\" data-e-type=\"widget\" data-widget_type=\"text-editor.default\">\n\t\t\t\t\t\t\t\t\t<p>\u00a0Nous valorisons l\u2019autonomie de chaque membre, tout en maintenant une communication ouverte et fluide. Chaque voix compte, et chacun peut exprimer librement ses id\u00e9es et contribuer de mani\u00e8re constructive.<\/p>\t\t\t\t\t\t\t\t<\/div>\n\t\t\t\t<\/div>\n\t\t\t\t<\/div>\n\t\t<div class=\"elementor-element elementor-element-6a2797dc e-grid e-con-full e-con e-child\" data-id=\"6a2797dc\" data-element_type=\"container\" data-e-type=\"container\">\n\t\t<div class=\"elementor-element elementor-element-2c527738 e-con-full e-flex elementor-invisible e-con e-child\" data-id=\"2c527738\" data-element_type=\"container\" data-e-type=\"container\" data-settings=\"{&quot;background_background&quot;:&quot;classic&quot;,&quot;animation&quot;:&quot;fadeInLeft&quot;,&quot;animation_delay&quot;:350}\">\n\t\t\t\t<div class=\"elementor-element elementor-element-4a904d2a elementor-widget elementor-widget-image\" data-id=\"4a904d2a\" data-element_type=\"widget\" data-e-type=\"widget\" data-widget_type=\"image.default\">\n\t\t\t\t\t\t\t\t\t\t\t\t\t\t\t<img decoding=\"async\" src=\"https:\/\/caadi.ca\/wp-content\/uploads\/elementor\/thumbs\/icon-logo1-rmlqqrin3b29wnclkxviz8r5lx3wlf2fya258r2iw0.png\" title=\"icon-logo1.png\" alt=\"icon-logo1.png\" loading=\"lazy\" \/>\t\t\t\t\t\t\t\t\t\t\t\t\t\t\t<\/div>\n\t\t\t\t<div class=\"elementor-element elementor-element-54538b38 elementor-widget elementor-widget-heading\" data-id=\"54538b38\" data-element_type=\"widget\" data-e-type=\"widget\" data-widget_type=\"heading.default\">\n\t\t\t\t\t<h2 class=\"elementor-heading-title elementor-size-default\">Sens de la gestion <\/h2>\t\t\t\t<\/div>\n\t\t\t\t<div class=\"elementor-element elementor-element-2aa6c8af elementor-widget elementor-widget-text-editor\" data-id=\"2aa6c8af\" data-element_type=\"widget\" data-e-type=\"widget\" data-widget_type=\"text-editor.default\">\n\t\t\t\t\t\t\t\t\t<p>\u00a0Conscients de notre responsabilit\u00e9 envers l\u2019argent des citoyens, nous savons qu\u2019il est essentiel de d\u00e9finir des priorit\u00e9s en fonction des ressources financi\u00e8res disponibles, pour une gestion rigoureuse et responsable.<\/p>\t\t\t\t\t\t\t\t<\/div>\n\t\t\t\t<div class=\"elementor-element elementor-element-299a1d8b elementor-widget elementor-widget-spacer\" data-id=\"299a1d8b\" data-element_type=\"widget\" data-e-type=\"widget\" data-widget_type=\"spacer.default\">\n\t\t\t\t\t\t\t<div class=\"elementor-spacer\">\n\t\t\t<div class=\"elementor-spacer-inner\"><\/div>\n\t\t<\/div>\n\t\t\t\t\t\t<\/div>\n\t\t\t\t<\/div>\n\t\t<div class=\"elementor-element elementor-element-564a6eb3 e-con-full e-flex elementor-invisible e-con e-child\" data-id=\"564a6eb3\" data-element_type=\"container\" data-e-type=\"container\" data-settings=\"{&quot;background_background&quot;:&quot;classic&quot;,&quot;animation&quot;:&quot;fadeInRight&quot;,&quot;animation_delay&quot;:350}\">\n\t\t\t\t<div class=\"elementor-element elementor-element-714d68a elementor-widget elementor-widget-image\" data-id=\"714d68a\" data-element_type=\"widget\" data-e-type=\"widget\" data-widget_type=\"image.default\">\n\t\t\t\t\t\t\t\t\t\t\t\t\t\t\t<img decoding=\"async\" src=\"https:\/\/caadi.ca\/wp-content\/uploads\/elementor\/thumbs\/icon-logo1-rmlqqrin3b29wnclkxviz8r5lx3wlf2fya258r2iw0.png\" title=\"icon-logo1.png\" alt=\"icon-logo1.png\" loading=\"lazy\" \/>\t\t\t\t\t\t\t\t\t\t\t\t\t\t\t<\/div>\n\t\t\t\t<div class=\"elementor-element elementor-element-7f3c231f elementor-widget elementor-widget-heading\" data-id=\"7f3c231f\" data-element_type=\"widget\" data-e-type=\"widget\" data-widget_type=\"heading.default\">\n\t\t\t\t\t<h2 class=\"elementor-heading-title elementor-size-default\">Durabilit\u00e9 <\/h2>\t\t\t\t<\/div>\n\t\t\t\t<div class=\"elementor-element elementor-element-767f540d elementor-widget elementor-widget-text-editor\" data-id=\"767f540d\" data-element_type=\"widget\" data-e-type=\"widget\" data-widget_type=\"text-editor.default\">\n\t\t\t\t\t\t\t\t\t<p>Nos d\u00e9cisions doivent r\u00e9pondre aux besoins des citoyens d\u2019aujourd\u2019hui, tout en pr\u00e9servant les ressources et opportunit\u00e9s pour les g\u00e9n\u00e9rations futures, qu\u2019il s\u2019agisse des enjeux environnementaux, \u00e9conomiques ou sociaux.<\/p>\t\t\t\t\t\t\t\t<\/div>\n\t\t\t\t<div class=\"elementor-element elementor-element-6d5d6609 elementor-widget elementor-widget-spacer\" data-id=\"6d5d6609\" data-element_type=\"widget\" data-e-type=\"widget\" data-widget_type=\"spacer.default\">\n\t\t\t\t\t\t\t<div class=\"elementor-spacer\">\n\t\t\t<div class=\"elementor-spacer-inner\"><\/div>\n\t\t<\/div>\n\t\t\t\t\t\t<\/div>\n\t\t\t\t<\/div>\n\t\t\t\t<\/div>\n\t\t<div class=\"elementor-element elementor-element-4e9e32aa e-grid e-con-full e-con e-child\" data-id=\"4e9e32aa\" data-element_type=\"container\" data-e-type=\"container\">\n\t\t<div class=\"elementor-element elementor-element-18a2bb22 e-con-full e-flex elementor-invisible e-con e-child\" data-id=\"18a2bb22\" data-element_type=\"container\" data-e-type=\"container\" data-settings=\"{&quot;background_background&quot;:&quot;classic&quot;,&quot;animation&quot;:&quot;fadeInLeft&quot;,&quot;animation_delay&quot;:350}\">\n\t\t\t\t<div class=\"elementor-element elementor-element-485b2415 elementor-widget elementor-widget-image\" data-id=\"485b2415\" data-element_type=\"widget\" data-e-type=\"widget\" data-widget_type=\"image.default\">\n\t\t\t\t\t\t\t\t\t\t\t\t\t\t\t<img decoding=\"async\" src=\"https:\/\/caadi.ca\/wp-content\/uploads\/elementor\/thumbs\/icon-logo1-rmlqqrin3b29wnclkxviz8r5lx3wlf2fya258r2iw0.png\" title=\"icon-logo1.png\" alt=\"icon-logo1.png\" loading=\"lazy\" \/>\t\t\t\t\t\t\t\t\t\t\t\t\t\t\t<\/div>\n\t\t\t\t<div class=\"elementor-element elementor-element-1c02bf72 elementor-widget elementor-widget-heading\" data-id=\"1c02bf72\" data-element_type=\"widget\" data-e-type=\"widget\" data-widget_type=\"heading.default\">\n\t\t\t\t\t<h2 class=\"elementor-heading-title elementor-size-default\">Pers\u00e9v\u00e9rance <\/h2>\t\t\t\t<\/div>\n\t\t\t\t<div class=\"elementor-element elementor-element-5071f3a1 elementor-widget elementor-widget-text-editor\" data-id=\"5071f3a1\" data-element_type=\"widget\" data-e-type=\"widget\" data-widget_type=\"text-editor.default\">\n\t\t\t\t\t\t\t\t\t<p>Face aux d\u00e9fis, nous sommes conscients que la pers\u00e9v\u00e9rance est la cl\u00e9 pour surmonter les obstacles et construire un avenir meilleur pour Gatineau.<\/p>\t\t\t\t\t\t\t\t<\/div>\n\t\t\t\t<div class=\"elementor-element elementor-element-22dd2670 elementor-widget elementor-widget-spacer\" data-id=\"22dd2670\" data-element_type=\"widget\" data-e-type=\"widget\" data-widget_type=\"spacer.default\">\n\t\t\t\t\t\t\t<div class=\"elementor-spacer\">\n\t\t\t<div class=\"elementor-spacer-inner\"><\/div>\n\t\t<\/div>\n\t\t\t\t\t\t<\/div>\n\t\t\t\t<\/div>\n\t\t<div class=\"elementor-element elementor-element-1ec179c e-con-full e-flex elementor-invisible e-con e-child\" data-id=\"1ec179c\" data-element_type=\"container\" data-e-type=\"container\" data-settings=\"{&quot;background_background&quot;:&quot;classic&quot;,&quot;animation&quot;:&quot;fadeInRight&quot;,&quot;animation_delay&quot;:350}\">\n\t\t\t\t<div class=\"elementor-element elementor-element-30dbb060 elementor-widget elementor-widget-image\" data-id=\"30dbb060\" data-element_type=\"widget\" data-e-type=\"widget\" data-widget_type=\"image.default\">\n\t\t\t\t\t\t\t\t\t\t\t\t\t\t\t<img decoding=\"async\" src=\"https:\/\/caadi.ca\/wp-content\/uploads\/elementor\/thumbs\/icon-logo1-rmlqqrin3b29wnclkxviz8r5lx3wlf2fya258r2iw0.png\" title=\"icon-logo1.png\" alt=\"icon-logo1.png\" loading=\"lazy\" \/>\t\t\t\t\t\t\t\t\t\t\t\t\t\t\t<\/div>\n\t\t\t\t<div class=\"elementor-element elementor-element-41c07578 elementor-widget elementor-widget-heading\" data-id=\"41c07578\" data-element_type=\"widget\" data-e-type=\"widget\" data-widget_type=\"heading.default\">\n\t\t\t\t\t<h2 class=\"elementor-heading-title elementor-size-default\">\u00c9quit\u00e9 <\/h2>\t\t\t\t<\/div>\n\t\t\t\t<div class=\"elementor-element elementor-element-3a56d3f0 elementor-widget elementor-widget-text-editor\" data-id=\"3a56d3f0\" data-element_type=\"widget\" data-e-type=\"widget\" data-widget_type=\"text-editor.default\">\n\t\t\t\t\t\t\t\t\t<p>\u00a0Nous nous engageons \u00e0 agir de mani\u00e8re \u00e9quitable, en veillant \u00e0 ce que tous les districts et secteurs de notre grande ville b\u00e9n\u00e9ficient d\u2019un d\u00e9veloppement juste et \u00e9quilibr\u00e9.<\/p>\t\t\t\t\t\t\t\t<\/div>\n\t\t\t\t<div class=\"elementor-element elementor-element-4566965c elementor-widget elementor-widget-spacer\" data-id=\"4566965c\" data-element_type=\"widget\" data-e-type=\"widget\" data-widget_type=\"spacer.default\">\n\t\t\t\t\t\t\t<div class=\"elementor-spacer\">\n\t\t\t<div class=\"elementor-spacer-inner\"><\/div>\n\t\t<\/div>\n\t\t\t\t\t\t<\/div>\n\t\t\t\t<\/div>\n\t\t\t\t<\/div>\n\t\t\t\t\t<\/div>\n\t\t\t\t<\/div>\n\t\t<div class=\"elementor-element elementor-element-23c35c23 e-flex e-con-boxed e-con e-parent\" data-id=\"23c35c23\" data-element_type=\"container\" data-e-type=\"container\">\n\t\t\t\t\t<div class=\"e-con-inner\">\n\t\t\t\t<div class=\"elementor-element elementor-element-4e73ddf6 elementor-invisible elementor-widget elementor-widget-heading\" data-id=\"4e73ddf6\" data-element_type=\"widget\" data-e-type=\"widget\" data-settings=\"{&quot;_animation&quot;:&quot;fadeInUp&quot;,&quot;_animation_delay&quot;:300}\" data-widget_type=\"heading.default\">\n\t\t\t\t\t<h2 class=\"elementor-heading-title elementor-size-default\">Ces valeurs orientent nos actions et nous permettront de faire de Gatineau une ville encore plus dynamique, prosp\u00e8re et tourn\u00e9e vers l\u2019avenir. Le citoyen restera toujours au c\u0153ur de nos priorit\u00e9s.<\/h2>\t\t\t\t<\/div>\n\t\t\t\t\t<\/div>\n\t\t\t\t<\/div>\n\t\t<div class=\"elementor-element elementor-element-32c3f2d2 e-flex e-con-boxed e-con e-parent\" data-id=\"32c3f2d2\" data-element_type=\"container\" data-e-type=\"container\">\n\t\t\t\t\t<div class=\"e-con-inner\">\n\t\t<div class=\"elementor-element elementor-element-4423d042 e-con-full e-flex e-con e-child\" data-id=\"4423d042\" data-element_type=\"container\" data-e-type=\"container\" data-settings=\"{&quot;background_background&quot;:&quot;classic&quot;}\">\n\t\t\t\t<\/div>\n\t\t<div class=\"elementor-element elementor-element-3d70efc1 e-con-full e-flex e-con e-child\" data-id=\"3d70efc1\" data-element_type=\"container\" data-e-type=\"container\">\n\t\t\t\t<\/div>\n\t\t<div class=\"elementor-element elementor-element-1d6db572 e-con-full e-flex e-con e-child\" data-id=\"1d6db572\" data-element_type=\"container\" data-e-type=\"container\">\n\t\t\t\t<\/div>\n\t\t\t\t\t<\/div>\n\t\t\t\t<\/div>\n\t\t\t\t<\/div>","protected":false},"excerpt":{"rendered":"<p>Ces principes fondamentaux animent notre \u00e9quipe au quotidien pour vous offrir les services que vous m\u00e9ritez. Ces valeurs d\u00e9finissent notre identit\u00e9 politique et assurent une gestion municipale coh\u00e9rente, juste et transparente. Respect Nous valorisons les opinions de chacun et leurs d\u00e9cisions. Chaque membre est respect\u00e9 pour ses comp\u00e9tences et nous consid\u00e9rons les diff\u00e9rences comme une [&hellip;]<\/p>\n","protected":false},"author":1,"featured_media":0,"parent":0,"menu_order":0,"comment_status":"closed","ping_status":"closed","template":"elementor_header_footer","meta":{"footnotes":""},"class_list":["post-113","page","type-page","status-publish","hentry"],"_links":{"self":[{"href":"https:\/\/caadi.ca\/en\/wp-json\/wp\/v2\/pages\/113","targetHints":{"allow":["GET"]}}],"collection":[{"href":"https:\/\/caadi.ca\/en\/wp-json\/wp\/v2\/pages"}],"about":[{"href":"https:\/\/caadi.ca\/en\/wp-json\/wp\/v2\/types\/page"}],"author":[{"embeddable":true,"href":"https:\/\/caadi.ca\/en\/wp-json\/wp\/v2\/users\/1"}],"replies":[{"embeddable":true,"href":"https:\/\/caadi.ca\/en\/wp-json\/wp\/v2\/comments?post=113"}],"version-history":[{"count":8,"href":"https:\/\/caadi.ca\/en\/wp-json\/wp\/v2\/pages\/113\/revisions"}],"predecessor-version":[{"id":307,"href":"https:\/\/caadi.ca\/en\/wp-json\/wp\/v2\/pages\/113\/revisions\/307"}],"wp:attachment":[{"href":"https:\/\/caadi.ca\/en\/wp-json\/wp\/v2\/media?parent=113"}],"curies":[{"name":"wp","href":"https:\/\/api.w.org\/{rel}","templated":true}]}}